{"id":2068,"date":"2023-06-21T13:31:41","date_gmt":"2023-06-21T10:31:41","guid":{"rendered":"https:\/\/www.ykts.fi\/?page_id=2068"},"modified":"2023-12-13T13:01:46","modified_gmt":"2023-12-13T11:01:46","slug":"yrittajyyskasvatuksen-tutkimusseuran-jasenrekisteri","status":"publish","type":"page","link":"https:\/\/www.ykts.fi\/en\/yrittajyyskasvatuksen-tutkimusseuran-jasenrekisteri\/","title":{"rendered":"Yritt\u00e4jyyskasvatuksen Tutkimusseura ry:n j\u00e4senrekisteri ja tietosuojaseloste"},"content":{"rendered":"<div data-elementor-type=\"wp-page\" data-elementor-id=\"2068\" class=\"elementor elementor-2068\">\n\t\t\t\t\t\t<section class=\"elementor-section elementor-top-section elementor-element elementor-element-396c691b elementor-section-boxed elementor-section-height-default elementor-section-height-default\" data-id=\"396c691b\" data-element_type=\"section\">\n\t\t\t\t\t\t<div class=\"elementor-container elementor-column-gap-default\">\n\t\t\t\t\t<div class=\"elementor-column elementor-col-100 elementor-top-column elementor-element elementor-element-67e09aa5\" data-id=\"67e09aa5\" data-element_type=\"column\">\n\t\t\t<div class=\"elementor-widget-wrap elementor-element-populated\">\n\t\t\t\t\t\t<div class=\"elementor-element elementor-element-58d83ac2 elementor-widget elementor-widget-text-editor\" data-id=\"58d83ac2\" data-element_type=\"widget\" data-widget_type=\"text-editor.default\">\n\t\t\t\t<div class=\"elementor-widget-container\">\n\t\t\t\t\t\t\t\t\t<p><\/p>\n<p>TIETOSUOJAILMOITUS EU:n yleinen tietosuoja-asetus, artiklat 13 ja 14. Laatimispvm: 12.6. ja 13.12.2023<\/p>\n<p><\/p>\n<p><\/p>\n<h3 class=\"wp-block-heading\">Keit\u00e4 olemme<\/h3>\n<p><\/p>\n<p><\/p>\n<p>Verkkosivustomme osoite on: <a href=\"http:\/\/www.ykts.fi\/en\/\">www.ykts.fi<\/a>.<\/p>\n<p><\/p>\n<p><\/p>\n<p><strong>\u00a0 Yritt\u00e4jyyskasvatuksen Tutkimusseuran j\u00e4senrekisteri<\/strong><\/p>\n<p><\/p>\n<p><\/p>\n<p><strong class=\"privacy-policy-tutorial\">1. Rekisterinpit\u00e4j\u00e4<\/strong>: Yritt\u00e4jyyskasvatuksen Tutkimusseura ry, Vetenskapliga Samfundet f\u00f6r F\u00f6retagsamhetsfostran rf, Y-tunnus 2442988-0.<\/p>\n<p><\/p>\n<p><\/p>\n<p><strong>2. Rekisterinpit\u00e4j\u00e4n vastuuhenkil\u00f6:<\/strong> Vastuuhenkil\u00f6 on yhdistyksen hallituksen puheenjohtaja ks. <a href=\"https:\/\/www.ykts.fi\/en\/tutkimusseura\/\">https:\/\/www.ykts.fi\/tutkimusseura\/<\/a> , jonka tavoittaa <a href=\"mailto:ykts@ykts.fi\">ykts@ykts.fi<\/a> .<\/p>\n<p><\/p>\n<p><\/p>\n<p><strong>3. Yhteyshenkil\u00f6 rekisteriin liittyviss\u00e4 asioissa:<\/strong> Yhteyshenkil\u00f6 on yhdistyksen hallituksen sihteeri ks. <a href=\"https:\/\/www.ykts.fi\/en\/tutkimusseura\/\">https:\/\/www.ykts.fi\/tutkimusseura\/<\/a> ,jonka tavoittaa <a href=\"mailto:ykts@ykts.fi\">ykts@ykts.fi<\/a> .<\/p>\n<p><\/p>\n<p><\/p>\n<h3 class=\"wp-block-heading\">Henkil\u00f6tietojen k\u00e4sittelyn tarkoitus<\/h3>\n<p><\/p>\n<p><\/p>\n<p>K\u00e4sittelyn k\u00e4ytt\u00f6tarkoitus on Yritt\u00e4jyyskasvatuksen Tutkimusseuran j\u00e4senten sek\u00e4 aikaisempien j\u00e4senten tietojenk\u00e4sittely.<\/p>\n<p><\/p>\n<p><\/p>\n<p>J\u00e4senyys alkaa kunakin vuonna YKTS Yritt\u00e4jyyskasvatusp\u00e4ivien yhteydess\u00e4 (syys\/lokakuu) ja on voimassa 12 kuukautta siit\u00e4 eteenp\u00e4in. J\u00e4senyyden voi uusia aina seuraavien YKTS Yritt\u00e4jyyskasvatusp\u00e4ivien yhteydess\u00e4 tai milloin hyv\u00e4ns\u00e4 erikseen j\u00e4seneksi liittym\u00e4ll\u00e4, kts. <a href=\"https:\/\/www.ykts.fi\/en\/jasenyys\/\">https:\/\/www.ykts.fi\/jasenyys\/<\/a><\/p>\n<p><\/p>\n<p><\/p>\n<p>Kunakin j\u00e4senkautena j\u00e4seneksi ilmoittautumisen yhteydess\u00e4 ker\u00e4ttyj\u00e4 henkil\u00f6- ja yhteystietoja k\u00e4ytet\u00e4\u00e4n j\u00e4senille suunnattujen j\u00e4senkirjeiden sek\u00e4 muiden yhdistyksen keskeisten tiedoksiantojen toimittamiseen. Enint\u00e4\u00e4n viiten\u00e4 edelt\u00e4v\u00e4n\u00e4 vuonna j\u00e4seneksi ilmoittautuneiden henkil\u00f6- ja yhteystietoja k\u00e4ytet\u00e4\u00e4n j\u00e4senyyden yll\u00e4pitoon ja jatkamiseen suunnattuun viestint\u00e4\u00e4n.<\/p>\n<p><\/p>\n<p><\/p>\n<p><\/p>\n<p><\/p>\n<h3 class=\"wp-block-heading\">Henkil\u00f6tietojen k\u00e4sittelyn peruste<\/h3>\n<p><\/p>\n<p><\/p>\n<p>Rekister\u00f6idyn suostumus.<\/p>\n<p><\/p>\n<p><\/p>\n<h3 class=\"wp-block-heading\">K\u00e4sitelt\u00e4v\u00e4t henkil\u00f6tietoryhm\u00e4t ja henkil\u00f6tietojen s\u00e4ilytysajat<\/h3>\n<p><\/p>\n<p><\/p>\n<p>Henkil\u00f6tiedot: etu- ja sukunimi.<\/p>\n<p><\/p>\n<p><\/p>\n<p>Yhteystiedot: s\u00e4hk\u00f6postiosoite.<\/p>\n<p><\/p>\n<p><\/p>\n<p>Yll\u00e4mainitut tiedot s\u00e4ilytet\u00e4\u00e4n enint\u00e4\u00e4n viisi vuotta, jonka j\u00e4lkeen tiedot h\u00e4vitet\u00e4\u00e4n.<\/p>\n<p><\/p>\n<p><\/p>\n<h3 class=\"wp-block-heading\">K\u00e4ytett\u00e4v\u00e4t tietoj\u00e4rjestelm\u00e4t<\/h3>\n<p><\/p>\n<p><\/p>\n<p>Yhdistyksen sihteerin, tiedottajan ja puheenjohtajan henkil\u00f6kohtainen tietokone, excel-tiedosto.<\/p>\n<p><\/p>\n<p><\/p>\n<h3 class=\"wp-block-heading\">Henkil\u00f6tietojen suojeleminen<\/h3>\n<p><\/p>\n<p><\/p>\n<p>Tietokoneet ovat salasanalla suojattuja ja niit\u00e4 s\u00e4ilytet\u00e4\u00e4n huolellisesti ja asianmukaisella tavalla. Koneiden ohjelmap\u00e4ivitykset pidet\u00e4\u00e4n ajan tasalla.<\/p>\n<p><\/p>\n<p><\/p>\n<h3 class=\"wp-block-heading\">Miten toimimme tietomurron tapahtuessa<\/h3>\n<p><\/p>\n<p><\/p>\n<p>Tietomurron tapauksessa yhdistyksen hallitus p\u00e4\u00e4tt\u00e4\u00e4 menettelytavasta ml. j\u00e4senrekisteriss\u00e4 olevien informoiminen tietomurrosta.<\/p>\n<p><\/p>\n<p><\/p>\n<h3 class=\"wp-block-heading\">S\u00e4\u00e4nn\u00f6nmukaiset tietol\u00e4hteet<\/h3>\n<p><\/p>\n<p><\/p>\n<p>Henkil\u00f6- ja yhteystietoja ker\u00e4t\u00e4\u00e4n rekister\u00f6idyilt\u00e4 itselt\u00e4\u00e4n vuosittain j\u00e4rjestett\u00e4vien YKTS Yritt\u00e4jyyskasvatusp\u00e4ivien ilmoittautumislomakkeen kautta sek\u00e4 ykts.fi -yhteydenottolomakkeen kautta.<\/p>\n<p><\/p>\n<p><\/p>\n<h3 class=\"wp-block-heading\">S\u00e4\u00e4nn\u00f6nmukaiset tietojen luovutukset<\/h3>\n<p><\/p>\n<p><\/p>\n<p>Tietoja ei luovuteta s\u00e4\u00e4nn\u00f6nmukaisesti.<\/p>\n<p><\/p>\n<p><\/p>\n<h3 class=\"wp-block-heading\">Tietojen siirto EU:n tai Euroopan talousalueen ulkopuolelle<\/h3>\n<p><\/p>\n<p><\/p>\n<p>Tietoja ei siirret\u00e4.<\/p>\n<p><\/p>\n<p><\/p>\n<h3 class=\"wp-block-heading\">Rekisterin suojauksen periaatteet<\/h3>\n<p><\/p>\n<p><\/p>\n<p>Yritt\u00e4jyyskasvatuksen Tutkimusseura ry:n hallituksella sek\u00e4 hallituksen nime\u00e4mill\u00e4 toimihenkil\u00f6ill\u00e4 on p\u00e4\u00e4sy j\u00e4senrekisterin tietoihin.<\/p>\n<p><\/p>\n<p><\/p>\n<h3 class=\"wp-block-heading\">Rekister\u00f6idyn oikeudet ja velvollisuudet<\/h3>\n<p><\/p>\n<p><\/p>\n<p>Rekister\u00f6idyll\u00e4 on oikeus pyyt\u00e4\u00e4 p\u00e4\u00e4sy h\u00e4nt\u00e4 itse\u00e4\u00e4n koskeviin henkil\u00f6tietoihin sek\u00e4 oikeus pyyt\u00e4\u00e4 tietojensa oikaisemista tai poistamista taikka k\u00e4sittelyn rajoittamista tai vastustaa k\u00e4sittely\u00e4 sek\u00e4 oikeus siirt\u00e4\u00e4 tiedot rekisterinpit\u00e4j\u00e4lt\u00e4 toiselle. Rekister\u00f6idyll\u00e4 on oikeus milloin tahansa peruuttaa antamansa suostumus l\u00e4hett\u00e4m\u00e4ll\u00e4 viestin osoitteeseen <a href=\"mailto:ykts@ykts.fi\">ykts@ykts.fi<\/a>.<\/p>\n<p><\/p>\n<p><\/p>\n<p>Rekisteriin kuuluvalla on niin ik\u00e4\u00e4n oikeus tarkastaa rekisteriin tallennetut tietonsa. Tarkastusta pyydet\u00e4\u00e4n yhdistykselt\u00e4 osoitteesta <a href=\"mailto:ykts@ykts.fi\">ykts@ykts.fi<\/a>.<\/p>\n<p><\/p>\n<p><\/p>\n<p>Rekister\u00f6idyll\u00e4 on oikeus tehd\u00e4 valitus Tietosuojavaltuutetun toimistoon ja kantelu valvontaviranomaiselle.<\/p>\n<p><\/p>\n<p><\/p>\n<p>Rekisteriss\u00e4 olevien henkil\u00f6tietojen perusteella ei tehd\u00e4 profilointeja. Yhteishenkil\u00f6 rekister\u00f6idyn oikeuksiin ja velvollisuuksiin liittyviss\u00e4 asioissa on yhdistyksen hallituksen sihteeri, kts. <a href=\"https:\/\/www.ykts.fi\/en\/tutkimusseura\/\">https:\/\/www.ykts.fi\/tutkimusseura\/<\/a>. H\u00e4net tavoittaa osoitteesta <a href=\"mailto:ykts@ykts.fi\">ykts@ykts.fi.<\/a><\/p>\n<h3 class=\"wp-block-heading\">WordPress-alustan yhteydenottolomakkeet<\/h3>\n<p><\/p>\n<p><\/p>\n<p><a>Ykts.fi-<\/a>yhteydenottolomakkeen kautta l\u00e4hetetyt viestit v\u00e4littyv\u00e4t yhdistyksen s\u00e4hk\u00f6postiin, jossa viestej\u00e4 s\u00e4ilytet\u00e4\u00e4n enint\u00e4\u00e4n 12 kk asiakaspalvelua varten.\u00a0<\/p>\n<p>Kun sivuston k\u00e4ytt\u00e4j\u00e4t j\u00e4tt\u00e4v\u00e4t kommentteja sivustolle, ker\u00e4\u00e4mme kommenttilomakkeessa olevat tiedot, sek\u00e4 k\u00e4ytt\u00e4j\u00e4n IP-osoitteen ja selaimen versiotiedot roskaviestien tunnistamisen helpottamiseksi.<\/p>\n<p>Kun vierailijat j\u00e4tt\u00e4v\u00e4t kommentin t\u00e4lle sivustolle ker\u00e4\u00e4mme tiedon, joka on n\u00e4kyviss\u00e4 kommentointikentiss\u00e4, IP-osoitteen sek\u00e4 selaimen versioon liittyv\u00e4t tiedot. S\u00e4hk\u00f6postiosoitteesta luotu anonymisoitu hajautustieto (hash) voidaan l\u00e4hett\u00e4\u00e4 Gravatar-palveluun, jotta tiedet\u00e4\u00e4n onko kommentoija palvelun k\u00e4ytt\u00e4j\u00e4. Gravatar-palvelun tietosuojaseloste l\u00f6ytyy osoitteesta <a href=\"https:\/\/automattic.com\/privacy\/\">https:\/\/automattic.com\/privacy\/<\/a>.<\/p>\n<p><\/p>\n<p><\/p>\n<p>Mik\u00e4li j\u00e4t\u00e4t kommentin, kommenttia ja sen metatietoa s\u00e4ilytet\u00e4\u00e4n toistaiseksi. T\u00e4m\u00e4 tehd\u00e4\u00e4n siksi, ett\u00e4 voimme tunnistaa ja hyv\u00e4ksy\u00e4 seuraavat kommentit automaattisesti sen sijaan, ett\u00e4 s\u00e4ilytt\u00e4isimme ne moderointijonossa.<\/p>\n<h3 class=\"wp-block-heading\"><strong>WordPress-alustan upotettu sis\u00e4lt\u00f6<\/strong><\/h3>\n<p>T\u00e4m\u00e4n sivuston artikkelit voivat sis\u00e4lt\u00e4\u00e4 upotettua sis\u00e4lt\u00f6\u00e4 (esimerkiksi videoita, kuvia, artikkeleita jne.). Toisilta sivustoilta tuodun upotetun sis\u00e4ll\u00f6n avaaminen on verrattavissa siihen, ett\u00e4 vierailija itse k\u00e4visi kolmannen osapuolen sivustolla.<\/p>\n<p>N\u00e4m\u00e4 sivustot voivat ker\u00e4t\u00e4 tietoa sinusta, k\u00e4ytt\u00e4\u00e4 ev\u00e4steit\u00e4, upottaa kolmannen osapuolen seurantaev\u00e4steit\u00e4 ja monitoroida vuorovaikutustasi upotetun sis\u00e4ll\u00f6n kanssa, mukaan lukien vuorovaikutuksen seuranta, jos ja kun olet kirjautunut k\u00e4ytt\u00e4j\u00e4n\u00e4 sivustolle.<\/p>\n<p>Mik\u00e4li olet j\u00e4tt\u00e4nyt kommentteja, voit pyyt\u00e4\u00e4 koostetiedostoa omista henkil\u00f6tiedoistasi, sis\u00e4lt\u00e4en kaiken henkil\u00f6tiedon, jonka olet meille antanut. Voit my\u00f6s pyyt\u00e4\u00e4 henkil\u00f6tietojesi poistoa. Oikeus omien tietojen poistoon ei koske sellaista henkil\u00f6tietoa, joka meid\u00e4n on s\u00e4ilytett\u00e4v\u00e4 yll\u00e4pidollisista, juridisista tai tietoturvaan liittyvist\u00e4 syist\u00e4.\u00a0<\/p>\n<p>Vierailijoiden kommentteja saatetaan tarkistaa automatisoidun roskapostiestopalvelun kautta.<\/p>\n<h3><strong>WordPress-alustalla k\u00e4ytett\u00e4v\u00e4t lis\u00e4osat<\/strong><\/h3>\n<p>Plugin: Really Simple SSL<\/p>\n<p>Really Simple SSL- ja Really Simple SSL -lis\u00e4osat eiv\u00e4t k\u00e4sittele mit\u00e4\u00e4n henkil\u00f6kohtaisia tunnistetietoja, joten GDPR ei koske n\u00e4it\u00e4 laajennuksia tai n\u00e4iden laajennusten k\u00e4ytt\u00f6\u00e4 verkkosivustollasi. L\u00f6yd\u00e4t tietosuojak\u00e4yt\u00e4nt\u00f6mme\u00a0<a href=\"https:\/\/really-simple-ssl.com\/privacy-statement\/\">here<\/a>.<\/p>\n<p>Plugin: Smush<\/p>\n<p>Note: Smush does not interact with end users on your website. The only input option Smush has is to a newsletter subscription for site admins only. If you would like to notify your users of this in your privacy policy, you can use the information below.<\/p>\n<p>Smush sends images to the WPMU DEV servers to optimize them for web use. This includes the transfer of EXIF data. The EXIF data will either be stripped or returned as it is. It is not stored on the WPMU DEV servers.<\/p>\n<p>Smush uses the Stackpath Content Delivery Network (CDN). Stackpath may store web log information of site visitors, including IPs, UA, referrer, Location and ISP info of site visitors for 7 days. Files and images served by the CDN may be stored and served from countries other than your own. Stackpath&#8217;s privacy policy can be found <a href=\"https:\/\/www.stackpath.com\/legal\/privacy-statement\/\">here<\/a>.<\/p>\n<p>Smush uses a third-party email service (Drip) to send informational emails to the site administrator. The administrator&#8217;s email address is sent to Drip and a cookie is set by the service. Only administrator information is collected by Drip.<\/p>\n<p>Plugin: LiteSpeed cache<\/p>\n<p>This site utilizes caching in order to facilitate a faster response time and better user experience. Caching potentially stores a duplicate copy of every web page that is on display on this site. All cache files are temporary, and are never accessed by any third party, except as necessary to obtain technical support from the cache plugin vendor. Cache files expire on a schedule set by the site administrator, but may easily be purged by the admin before their natural expiration, if necessary. We may use QUIC.cloud services to process &amp; cache your data temporarily. Please see\u00a0<a href=\"https:\/\/quic.cloud\/privacy-policy\/\">https:\/\/quic.cloud\/privacy-policy\/<\/a>\u00a0for more details.<\/p>\n<p><\/p>\t\t\t\t\t\t\t\t<\/div>\n\t\t\t\t<\/div>\n\t\t\t\t\t<\/div>\n\t\t<\/div>\n\t\t\t\t\t<\/div>\n\t\t<\/section>\n\t\t\t\t<\/div>","protected":false},"excerpt":{"rendered":"<p>TIETOSUOJAILMOITUS EU:n yleinen tietosuoja-asetus, artiklat 13 ja 14. Laatimispvm: 12.6. ja 13.12.2023 Keit\u00e4 olemme Verkkosivustomme osoite on: www.ykts.fi. \u00a0 Yritt\u00e4jyyskasvatuksen Tutkimusseuran j\u00e4senrekisteri 1. Rekisterinpit\u00e4j\u00e4: Yritt\u00e4jyyskasvatuksen Tutkimusseura ry, Vetenskapliga Samfundet f\u00f6r F\u00f6retagsamhetsfostran rf, Y-tunnus 2442988-0. 2. Rekisterinpit\u00e4j\u00e4n vastuuhenkil\u00f6: Vastuuhenkil\u00f6 on yhdistyksen hallituksen puheenjohtaja ks. https:\/\/www.ykts.fi\/tutkimusseura\/ , jonka tavoittaa ykts@ykts.fi . 3. Yhteyshenkil\u00f6 rekisteriin liittyviss\u00e4 asioissa: Yhteyshenkil\u00f6 &hellip;<\/p>\n<p class=\"read-more\"> <a class=\"\" href=\"https:\/\/www.ykts.fi\/en\/yrittajyyskasvatuksen-tutkimusseuran-jasenrekisteri\/\"> <span class=\"screen-reader-text\">Yritt\u00e4jyyskasvatuksen Tutkimusseura ry:n j\u00e4senrekisteri ja tietosuojaseloste<\/span> Read More &raquo;<\/a><\/p>","protected":false},"author":9,"featured_media":0,"parent":0,"menu_order":0,"comment_status":"closed","ping_status":"closed","template":"","meta":{"site-sidebar-layout":"default","site-content-layout":"default","ast-global-header-display":"","ast-main-header-display":"","ast-hfb-above-header-display":"","ast-hfb-below-header-display":"","ast-hfb-mobile-header-display":"","site-post-title":"","ast-breadcrumbs-content":"","ast-featured-img":"","footer-sml-layout":"","theme-transparent-header-meta":"","adv-header-id-meta":"","stick-header-meta":"","header-above-stick-meta":"","header-main-stick-meta":"","header-below-stick-meta":"","footnotes":""},"class_list":["post-2068","page","type-page","status-publish","hentry"],"yoast_head":"<!-- This site is optimized with the Yoast SEO plugin v26.8 - https:\/\/yoast.com\/product\/yoast-seo-wordpress\/ -->\n<title>Yritt\u00e4jyyskasvatuksen Tutkimusseura ry:n j\u00e4senrekisteri ja tietosuojaseloste | Yritt&auml;jyyskasvatuksen Tutkimusseura ry<\/title>\n<meta name=\"robots\" content=\"index, follow, max-snippet:-1, max-image-preview:large, max-video-preview:-1\" \/>\n<link rel=\"canonical\" href=\"https:\/\/www.ykts.fi\/en\/yrittajyyskasvatuksen-tutkimusseuran-jasenrekisteri\/\" \/>\n<meta property=\"og:locale\" content=\"en_GB\" \/>\n<meta property=\"og:type\" content=\"article\" \/>\n<meta property=\"og:title\" content=\"Yritt\u00e4jyyskasvatuksen Tutkimusseura ry:n j\u00e4senrekisteri ja tietosuojaseloste | Yritt&auml;jyyskasvatuksen Tutkimusseura ry\" \/>\n<meta property=\"og:description\" content=\"TIETOSUOJAILMOITUS EU:n yleinen tietosuoja-asetus, artiklat 13 ja 14. Laatimispvm: 12.6. ja 13.12.2023 Keit\u00e4 olemme Verkkosivustomme osoite on: www.ykts.fi. \u00a0 Yritt\u00e4jyyskasvatuksen Tutkimusseuran j\u00e4senrekisteri 1. Rekisterinpit\u00e4j\u00e4: Yritt\u00e4jyyskasvatuksen Tutkimusseura ry, Vetenskapliga Samfundet f\u00f6r F\u00f6retagsamhetsfostran rf, Y-tunnus 2442988-0. 2. Rekisterinpit\u00e4j\u00e4n vastuuhenkil\u00f6: Vastuuhenkil\u00f6 on yhdistyksen hallituksen puheenjohtaja ks. https:\/\/www.ykts.fi\/tutkimusseura\/ , jonka tavoittaa ykts@ykts.fi . 3. Yhteyshenkil\u00f6 rekisteriin liittyviss\u00e4 asioissa: Yhteyshenkil\u00f6 &hellip; Yritt\u00e4jyyskasvatuksen Tutkimusseura ry:n j\u00e4senrekisteri ja tietosuojaseloste Read More &raquo;\" \/>\n<meta property=\"og:url\" content=\"https:\/\/www.ykts.fi\/en\/yrittajyyskasvatuksen-tutkimusseuran-jasenrekisteri\/\" \/>\n<meta property=\"og:site_name\" content=\"Yritt&auml;jyyskasvatuksen Tutkimusseura ry\" \/>\n<meta property=\"article:modified_time\" content=\"2023-12-13T11:01:46+00:00\" \/>\n<meta name=\"twitter:card\" content=\"summary_large_image\" \/>\n<script type=\"application\/ld+json\" class=\"yoast-schema-graph\">{\"@context\":\"https:\/\/schema.org\",\"@graph\":[{\"@type\":\"WebPage\",\"@id\":\"https:\/\/www.ykts.fi\/yrittajyyskasvatuksen-tutkimusseuran-jasenrekisteri\/\",\"url\":\"https:\/\/www.ykts.fi\/yrittajyyskasvatuksen-tutkimusseuran-jasenrekisteri\/\",\"name\":\"Yritt\u00e4jyyskasvatuksen Tutkimusseura ry:n j\u00e4senrekisteri ja tietosuojaseloste | Yritt&auml;jyyskasvatuksen Tutkimusseura ry\",\"isPartOf\":{\"@id\":\"https:\/\/www.ykts.fi\/#website\"},\"datePublished\":\"2023-06-21T10:31:41+00:00\",\"dateModified\":\"2023-12-13T11:01:46+00:00\",\"breadcrumb\":{\"@id\":\"https:\/\/www.ykts.fi\/yrittajyyskasvatuksen-tutkimusseuran-jasenrekisteri\/#breadcrumb\"},\"inLanguage\":\"en-GB\",\"potentialAction\":[{\"@type\":\"ReadAction\",\"target\":[\"https:\/\/www.ykts.fi\/yrittajyyskasvatuksen-tutkimusseuran-jasenrekisteri\/\"]}]},{\"@type\":\"BreadcrumbList\",\"@id\":\"https:\/\/www.ykts.fi\/yrittajyyskasvatuksen-tutkimusseuran-jasenrekisteri\/#breadcrumb\",\"itemListElement\":[{\"@type\":\"ListItem\",\"position\":1,\"name\":\"Home\",\"item\":\"https:\/\/www.ykts.fi\/\"},{\"@type\":\"ListItem\",\"position\":2,\"name\":\"Yritt\u00e4jyyskasvatuksen Tutkimusseura ry:n j\u00e4senrekisteri ja tietosuojaseloste\"}]},{\"@type\":\"WebSite\",\"@id\":\"https:\/\/www.ykts.fi\/#website\",\"url\":\"https:\/\/www.ykts.fi\/\",\"name\":\"Yritt&auml;jyyskasvatuksen Tutkimusseura ry\",\"description\":\"Yritt&auml;jyyskasvatuksen Tutkimusseura ry\",\"publisher\":{\"@id\":\"https:\/\/www.ykts.fi\/#organization\"},\"potentialAction\":[{\"@type\":\"SearchAction\",\"target\":{\"@type\":\"EntryPoint\",\"urlTemplate\":\"https:\/\/www.ykts.fi\/?s={search_term_string}\"},\"query-input\":{\"@type\":\"PropertyValueSpecification\",\"valueRequired\":true,\"valueName\":\"search_term_string\"}}],\"inLanguage\":\"en-GB\"},{\"@type\":\"Organization\",\"@id\":\"https:\/\/www.ykts.fi\/#organization\",\"name\":\"Yritt&auml;jyyskasvatuksen Tutkimusseura ry\",\"url\":\"https:\/\/www.ykts.fi\/\",\"logo\":{\"@type\":\"ImageObject\",\"inLanguage\":\"en-GB\",\"@id\":\"https:\/\/www.ykts.fi\/#\/schema\/logo\/image\/\",\"url\":\"https:\/\/www.ykts.fi\/wp-content\/uploads\/2020\/12\/cropped-YKTS_ikoni-musta.png\",\"contentUrl\":\"https:\/\/www.ykts.fi\/wp-content\/uploads\/2020\/12\/cropped-YKTS_ikoni-musta.png\",\"width\":679,\"height\":443,\"caption\":\"Yritt&auml;jyyskasvatuksen Tutkimusseura ry\"},\"image\":{\"@id\":\"https:\/\/www.ykts.fi\/#\/schema\/logo\/image\/\"}}]}<\/script>\n<!-- \/ Yoast SEO plugin. -->","yoast_head_json":{"title":"Yritt\u00e4jyyskasvatuksen Tutkimusseura ry:n j\u00e4senrekisteri ja tietosuojaseloste | Yritt&auml;jyyskasvatuksen Tutkimusseura ry","robots":{"index":"index","follow":"follow","max-snippet":"max-snippet:-1","max-image-preview":"max-image-preview:large","max-video-preview":"max-video-preview:-1"},"canonical":"https:\/\/www.ykts.fi\/en\/yrittajyyskasvatuksen-tutkimusseuran-jasenrekisteri\/","og_locale":"en_GB","og_type":"article","og_title":"Yritt\u00e4jyyskasvatuksen Tutkimusseura ry:n j\u00e4senrekisteri ja tietosuojaseloste | Yritt&auml;jyyskasvatuksen Tutkimusseura ry","og_description":"TIETOSUOJAILMOITUS EU:n yleinen tietosuoja-asetus, artiklat 13 ja 14. Laatimispvm: 12.6. ja 13.12.2023 Keit\u00e4 olemme Verkkosivustomme osoite on: www.ykts.fi. \u00a0 Yritt\u00e4jyyskasvatuksen Tutkimusseuran j\u00e4senrekisteri 1. Rekisterinpit\u00e4j\u00e4: Yritt\u00e4jyyskasvatuksen Tutkimusseura ry, Vetenskapliga Samfundet f\u00f6r F\u00f6retagsamhetsfostran rf, Y-tunnus 2442988-0. 2. Rekisterinpit\u00e4j\u00e4n vastuuhenkil\u00f6: Vastuuhenkil\u00f6 on yhdistyksen hallituksen puheenjohtaja ks. https:\/\/www.ykts.fi\/tutkimusseura\/ , jonka tavoittaa ykts@ykts.fi . 3. Yhteyshenkil\u00f6 rekisteriin liittyviss\u00e4 asioissa: Yhteyshenkil\u00f6 &hellip; Yritt\u00e4jyyskasvatuksen Tutkimusseura ry:n j\u00e4senrekisteri ja tietosuojaseloste Read More &raquo;","og_url":"https:\/\/www.ykts.fi\/en\/yrittajyyskasvatuksen-tutkimusseuran-jasenrekisteri\/","og_site_name":"Yritt&auml;jyyskasvatuksen Tutkimusseura ry","article_modified_time":"2023-12-13T11:01:46+00:00","twitter_card":"summary_large_image","schema":{"@context":"https:\/\/schema.org","@graph":[{"@type":"WebPage","@id":"https:\/\/www.ykts.fi\/yrittajyyskasvatuksen-tutkimusseuran-jasenrekisteri\/","url":"https:\/\/www.ykts.fi\/yrittajyyskasvatuksen-tutkimusseuran-jasenrekisteri\/","name":"Yritt\u00e4jyyskasvatuksen Tutkimusseura ry:n j\u00e4senrekisteri ja tietosuojaseloste | Yritt&auml;jyyskasvatuksen Tutkimusseura ry","isPartOf":{"@id":"https:\/\/www.ykts.fi\/#website"},"datePublished":"2023-06-21T10:31:41+00:00","dateModified":"2023-12-13T11:01:46+00:00","breadcrumb":{"@id":"https:\/\/www.ykts.fi\/yrittajyyskasvatuksen-tutkimusseuran-jasenrekisteri\/#breadcrumb"},"inLanguage":"en-GB","potentialAction":[{"@type":"ReadAction","target":["https:\/\/www.ykts.fi\/yrittajyyskasvatuksen-tutkimusseuran-jasenrekisteri\/"]}]},{"@type":"BreadcrumbList","@id":"https:\/\/www.ykts.fi\/yrittajyyskasvatuksen-tutkimusseuran-jasenrekisteri\/#breadcrumb","itemListElement":[{"@type":"ListItem","position":1,"name":"Home","item":"https:\/\/www.ykts.fi\/"},{"@type":"ListItem","position":2,"name":"Yritt\u00e4jyyskasvatuksen Tutkimusseura ry:n j\u00e4senrekisteri ja tietosuojaseloste"}]},{"@type":"WebSite","@id":"https:\/\/www.ykts.fi\/#website","url":"https:\/\/www.ykts.fi\/","name":"Scientific Association for Entrepreneurship Education","description":"Scientific Association for Entrepreneurship Education","publisher":{"@id":"https:\/\/www.ykts.fi\/#organization"},"potentialAction":[{"@type":"SearchAction","target":{"@type":"EntryPoint","urlTemplate":"https:\/\/www.ykts.fi\/?s={search_term_string}"},"query-input":{"@type":"PropertyValueSpecification","valueRequired":true,"valueName":"search_term_string"}}],"inLanguage":"en-GB"},{"@type":"Organization","@id":"https:\/\/www.ykts.fi\/#organization","name":"Scientific Association for Entrepreneurship Education","url":"https:\/\/www.ykts.fi\/","logo":{"@type":"ImageObject","inLanguage":"en-GB","@id":"https:\/\/www.ykts.fi\/#\/schema\/logo\/image\/","url":"https:\/\/www.ykts.fi\/wp-content\/uploads\/2020\/12\/cropped-YKTS_ikoni-musta.png","contentUrl":"https:\/\/www.ykts.fi\/wp-content\/uploads\/2020\/12\/cropped-YKTS_ikoni-musta.png","width":679,"height":443,"caption":"Yritt&auml;jyyskasvatuksen Tutkimusseura ry"},"image":{"@id":"https:\/\/www.ykts.fi\/#\/schema\/logo\/image\/"}}]}},"_links":{"self":[{"href":"https:\/\/www.ykts.fi\/en\/wp-json\/wp\/v2\/pages\/2068","targetHints":{"allow":["GET"]}}],"collection":[{"href":"https:\/\/www.ykts.fi\/en\/wp-json\/wp\/v2\/pages"}],"about":[{"href":"https:\/\/www.ykts.fi\/en\/wp-json\/wp\/v2\/types\/page"}],"author":[{"embeddable":true,"href":"https:\/\/www.ykts.fi\/en\/wp-json\/wp\/v2\/users\/9"}],"replies":[{"embeddable":true,"href":"https:\/\/www.ykts.fi\/en\/wp-json\/wp\/v2\/comments?post=2068"}],"version-history":[{"count":17,"href":"https:\/\/www.ykts.fi\/en\/wp-json\/wp\/v2\/pages\/2068\/revisions"}],"predecessor-version":[{"id":2478,"href":"https:\/\/www.ykts.fi\/en\/wp-json\/wp\/v2\/pages\/2068\/revisions\/2478"}],"wp:attachment":[{"href":"https:\/\/www.ykts.fi\/en\/wp-json\/wp\/v2\/media?parent=2068"}],"curies":[{"name":"wp","href":"https:\/\/api.w.org\/{rel}","templated":true}]}}